{"id":753,"date":"2026-02-06T12:41:43","date_gmt":"2026-02-06T12:41:43","guid":{"rendered":"https:\/\/www.samscottage.nl\/?page_id=753"},"modified":"2026-02-06T12:44:58","modified_gmt":"2026-02-06T12:44:58","slug":"bewertungen","status":"publish","type":"page","link":"https:\/\/www.samscottage.nl\/index.php\/de\/bewertungen\/","title":{"rendered":"Bewertungen"},"content":{"rendered":"<div class=\"et_pb_section_0 et_pb_section et_section_regular et_flex_section\">\n<div class=\"et_pb_row_0 et_pb_row et_flex_row\">\n<div class=\"et_pb_column_0 et_pb_column et-last-child et_flex_column et_pb_css_mix_blend_mode_passthrough et_flex_column_24_24 et_flex_column_24_24_tablet et_flex_column_24_24_phone\">\n<div class=\"et_pb_text_0 et_pb_text et_pb_bg_layout_light et_pb_module et_flex_module\"><div class=\"et_pb_text_inner\" data-et-mv-hidden-phone=\"true\"><p>Bewertungen\u00a0* Sams Cottage *<\/p>\n<\/div><\/div>\n<\/div>\n<\/div>\n\n<div class=\"et_pb_row_1 et_pb_row et_flex_row\">\n<div class=\"et_pb_column_1 et_pb_column et-last-child et_flex_column et_pb_css_mix_blend_mode_passthrough et_flex_column_24_24 et_flex_column_24_24_tablet et_flex_column_24_24_phone\">\n<div class=\"et_pb_testimonial_0 et_pb_testimonial et_pb_bg_layout_light et_pb_text_align_center et_pb_module et_flex_module\"><div class=\"et_pb_testimonial_inner\"><div class=\"et_pb_testimonial_portrait\" style=\"background-image:url(https:\/\/www.samscottage.nl\/wp-content\/uploads\/2025\/12\/cropped-Logo-nieuw.png)\"><\/div><div class=\"et_pb_testimonial_description et_flex_module\"><div class=\"et_pb_testimonial_description_inner\"><div class=\"et_pb_testimonial_content\"><p>Wir hatten eine ausgezeichnete Erfahrung. Die Gastgeber waren sehr nett und hilfsbereit.<br \/>Wir hatten ein frisches und leckeres Fr\u00fchst\u00fcck mit einer gro\u00dfen Auswahl an Gerichten.<br \/>Die Wohnung ist gut ausgestattet<\/p>\n<\/div><\/div><div class=\"et_pb_testimonial_meta\"><\/div><\/div><\/div><\/div>\n<\/div>\n<\/div>\n\n<div class=\"et_pb_row_2 et_pb_row et_flex_row\">\n<div class=\"et_pb_column_2 et_pb_column et-last-child et_flex_column et_pb_css_mix_blend_mode_passthrough et_flex_column_24_24 et_flex_column_24_24_tablet et_flex_column_24_24_phone\">\n<div class=\"et_pb_testimonial_1 et_pb_testimonial et_pb_bg_layout_light et_pb_text_align_center et_pb_module et_flex_module\"><div class=\"et_pb_testimonial_inner\"><div class=\"et_pb_testimonial_portrait\" style=\"background-image:url(https:\/\/www.samscottage.nl\/wp-content\/uploads\/2025\/12\/cropped-Logo-nieuw.png)\"><\/div><div class=\"et_pb_testimonial_description et_flex_module\"><div class=\"et_pb_testimonial_description_inner\"><div class=\"et_pb_testimonial_content\"><p>Sch\u00f6ne ger\u00e4umige Unterkunft, sauber und wundersch\u00f6n gelegen und die Nachbarn sind wundersch\u00f6ne Pferde.<\/p>\n<\/div><\/div><div class=\"et_pb_testimonial_meta\"><\/div><\/div><\/div><\/div>\n<\/div>\n<\/div>\n\n<div class=\"et_pb_row_3 et_pb_row et_flex_row\">\n<div class=\"et_pb_column_3 et_pb_column et-last-child et_flex_column et_pb_css_mix_blend_mode_passthrough et_flex_column_24_24 et_flex_column_24_24_tablet et_flex_column_24_24_phone\">\n<div class=\"et_pb_testimonial_2 et_pb_testimonial et_pb_bg_layout_light et_pb_text_align_center et_pb_module et_flex_module\"><div class=\"et_pb_testimonial_inner\"><div class=\"et_pb_testimonial_portrait\" style=\"background-image:url(https:\/\/www.samscottage.nl\/wp-content\/uploads\/2025\/12\/cropped-Logo-nieuw.png)\"><\/div><div class=\"et_pb_testimonial_description et_flex_module\"><div class=\"et_pb_testimonial_description_inner\"><div class=\"et_pb_testimonial_content\"><p>Die sch\u00f6ne Lage, die Ruhe ... genie\u00dfen! Sch\u00f6nes Fr\u00fchst\u00fcck!! Die Offenheit und Gastfreundschaft!!<\/p>\n<\/div><\/div><div class=\"et_pb_testimonial_meta\"><\/div><\/div><\/div><\/div>\n<\/div>\n<\/div>\n\n<div class=\"et_pb_row_4 et_pb_row et_flex_row\">\n<div class=\"et_pb_column_4 et_pb_column et-last-child et_flex_column et_pb_css_mix_blend_mode_passthrough et_flex_column_24_24 et_flex_column_24_24_tablet et_flex_column_24_24_phone\">\n<div class=\"et_pb_testimonial_3 et_pb_testimonial et_pb_bg_layout_light et_pb_text_align_center et_pb_module et_flex_module\"><div class=\"et_pb_testimonial_inner\"><div class=\"et_pb_testimonial_portrait\" style=\"background-image:url(https:\/\/www.samscottage.nl\/wp-content\/uploads\/2025\/12\/cropped-Logo-nieuw.png)\"><\/div><div class=\"et_pb_testimonial_description et_flex_module\"><div class=\"et_pb_testimonial_description_inner\"><div class=\"et_pb_testimonial_content\"><p>Wundersch\u00f6n und erholsam. Es war alles perfekt! Tolle Unterkunft, man hatte alles was man braucht, und mehr! Sehr sauber und gepflegt.<\/p>\n<\/div><\/div><div class=\"et_pb_testimonial_meta\"><\/div><\/div><\/div><\/div>\n<\/div>\n<\/div>\n\n<div class=\"et_pb_row_5 et_pb_row et_flex_row\">\n<div class=\"et_pb_column_5 et_pb_column et-last-child et_flex_column et_pb_css_mix_blend_mode_passthrough et_flex_column_24_24 et_flex_column_24_24_tablet et_flex_column_24_24_phone\">\n<div class=\"et_pb_image_0 et_pb_image et_pb_module et_flex_module\"><span class=\"et_pb_image_wrap\"><img loading=\"lazy\" decoding=\"async\" src=\"https:\/\/www.samscottage.nl\/wp-content\/uploads\/2026\/01\/review-score.jpg\" title=\"review score Booking\" width=\"247\" height=\"558\" srcset=\"https:\/\/www.samscottage.nl\/wp-content\/uploads\/2026\/01\/review-score.jpg 247w, https:\/\/www.samscottage.nl\/wp-content\/uploads\/2026\/01\/review-score-133x300.jpg 133w\" sizes=\"(max-width: 247px) 100vw, 247px\" class=\"wp-image-391\" \/><\/span><\/div>\n<\/div>\n<\/div>\n<\/div>","protected":false},"excerpt":{"rendered":"","protected":false},"author":1,"featured_media":0,"parent":0,"menu_order":0,"comment_status":"closed","ping_status":"closed","template":"","meta":{"footnotes":""},"class_list":["post-753","page","type-page","status-publish","hentry"],"_links":{"self":[{"href":"https:\/\/www.samscottage.nl\/index.php\/wp-json\/wp\/v2\/pages\/753","targetHints":{"allow":["GET"]}}],"collection":[{"href":"https:\/\/www.samscottage.nl\/index.php\/wp-json\/wp\/v2\/pages"}],"about":[{"href":"https:\/\/www.samscottage.nl\/index.php\/wp-json\/wp\/v2\/types\/page"}],"author":[{"embeddable":true,"href":"https:\/\/www.samscottage.nl\/index.php\/wp-json\/wp\/v2\/users\/1"}],"replies":[{"embeddable":true,"href":"https:\/\/www.samscottage.nl\/index.php\/wp-json\/wp\/v2\/comments?post=753"}],"version-history":[{"count":13,"href":"https:\/\/www.samscottage.nl\/index.php\/wp-json\/wp\/v2\/pages\/753\/revisions"}],"predecessor-version":[{"id":766,"href":"https:\/\/www.samscottage.nl\/index.php\/wp-json\/wp\/v2\/pages\/753\/revisions\/766"}],"wp:attachment":[{"href":"https:\/\/www.samscottage.nl\/index.php\/wp-json\/wp\/v2\/media?parent=753"}],"curies":[{"name":"wp","href":"https:\/\/api.w.org\/{rel}","templated":true}]}}