{"id":704,"date":"2026-02-06T12:05:50","date_gmt":"2026-02-06T12:05:50","guid":{"rendered":"https:\/\/www.samscottage.nl\/?page_id=704"},"modified":"2026-02-06T12:16:29","modified_gmt":"2026-02-06T12:16:29","slug":"aktivitaten","status":"publish","type":"page","link":"https:\/\/www.samscottage.nl\/index.php\/de\/aktivitaten\/","title":{"rendered":"Aktivit\u00e4ten"},"content":{"rendered":"<div class=\"et_pb_section_0 et_pb_section et_section_regular et_flex_section\">\n<div class=\"et_pb_row_0 et_pb_row et_flex_row\">\n<div class=\"et_pb_column_0 et_pb_column et-last-child et_flex_column et_pb_css_mix_blend_mode_passthrough et_flex_column_24_24 et_flex_column_24_24_tablet et_flex_column_24_24_phone\">\n<div class=\"et_pb_text_0 et_pb_text et_pb_bg_layout_light et_pb_module et_flex_module\"><div class=\"et_pb_text_inner\" data-et-mv-hidden-phone=\"true\"><p>Aktivit\u00e4ten\u00a0* Sams Cottage *<\/p>\n<\/div><\/div>\n<\/div>\n<\/div>\n\n<div class=\"et_pb_row_1 et_pb_row et_flex_row\">\n<div class=\"et_pb_column_1 et_pb_column et_flex_column et_pb_css_mix_blend_mode_passthrough et_flex_column_12_24 et_flex_column_12_24_tablet et_flex_column_24_24_phone\">\n<div class=\"et_pb_image_0 et_pb_image et_pb_module et_flex_module\"><span class=\"et_pb_image_wrap\"><img loading=\"lazy\" decoding=\"async\" src=\"https:\/\/www.samscottage.nl\/wp-content\/uploads\/2026\/01\/meinweggebied-melickerven.jpg\" title=\"659887774a\" width=\"500\" height=\"333\" srcset=\"https:\/\/www.samscottage.nl\/wp-content\/uploads\/2026\/01\/meinweggebied-melickerven.jpg 500w, https:\/\/www.samscottage.nl\/wp-content\/uploads\/2026\/01\/meinweggebied-melickerven-480x320.jpg 480w\" sizes=\"(min-width: 0px) and (max-width: 480px) 480px, (min-width: 481px) 500px, 100vw\" class=\"wp-image-304\" \/><\/span><\/div>\n<\/div>\n\n<div class=\"et_pb_column_2 et_pb_column et-last-child et_flex_column et_pb_css_mix_blend_mode_passthrough et_flex_column_12_24 et_flex_column_12_24_tablet et_flex_column_24_24_phone\">\n<div class=\"et_pb_image_1 et_pb_image et_pb_module et_flex_module\"><span class=\"et_pb_image_wrap\"><img loading=\"lazy\" decoding=\"async\" src=\"https:\/\/www.samscottage.nl\/wp-content\/uploads\/2026\/01\/meinweg4.jpg\" title=\"659887774a\" width=\"500\" height=\"333\" srcset=\"https:\/\/www.samscottage.nl\/wp-content\/uploads\/2026\/01\/meinweg4.jpg 500w, https:\/\/www.samscottage.nl\/wp-content\/uploads\/2026\/01\/meinweg4-480x320.jpg 480w\" sizes=\"(min-width: 0px) and (max-width: 480px) 480px, (min-width: 481px) 500px, 100vw\" class=\"wp-image-305\" \/><\/span><\/div>\n<\/div>\n<\/div>\n\n<div class=\"et_pb_row_2 et_pb_row et_flex_row\">\n<div class=\"et_pb_column_3 et_pb_column et-last-child et_flex_column et_pb_css_mix_blend_mode_passthrough et_flex_column_24_24 et_flex_column_24_24_tablet et_flex_column_24_24_phone\">\n<div class=\"et_pb_testimonial_0 et_pb_testimonial et_pb_bg_layout_light et_pb_text_align_center et_pb_module et_flex_module\"><div class=\"et_pb_testimonial_inner\"><div class=\"et_pb_testimonial_portrait\" style=\"background-image:url(https:\/\/www.samscottage.nl\/wp-content\/uploads\/2025\/12\/cropped-Logo-nieuw.png)\"><\/div><div class=\"et_pb_testimonial_description et_flex_module\"><div class=\"et_pb_testimonial_description_inner\"><div class=\"et_pb_testimonial_content\" data-et-mv-hidden-tablet=\"true\"><p>Vom Ferienhaus aus sind es nur 400 Meter zum wundersch\u00f6nen Naturschutzgebiet<br \/>Nationalpark De Meinweg.<\/p>\n<\/div><\/div><div class=\"et_pb_testimonial_meta\"><\/div><\/div><\/div><\/div>\n<\/div>\n<\/div>\n\n<div class=\"et_pb_row_3 et_pb_row et_flex_row\">\n<div class=\"et_pb_column_4 et_pb_column et_flex_column et_pb_css_mix_blend_mode_passthrough et_flex_column_12_24 et_flex_column_12_24_tablet et_flex_column_24_24_phone\">\n<ul class=\"et_pb_icon_list_0 et_pb_icon_list et_pb_module et_flex_module\">\n<li class=\"et_pb_icon_list_item_0 et_pb_icon_list_item et_pb_module et_flex_module\"><span class=\"et-pb-icon\">\uf290<\/span><div class=\"et_pb_icon_list_text\">McArthurGlen Designer Outlet 7 km entfernt f\u00fcr einen Einkaufstag<\/div><\/li>\n\n<li class=\"et_pb_icon_list_item_1 et_pb_icon_list_item et_pb_module et_flex_module\"><span class=\"et-pb-icon\">\uf1bb<\/span><div class=\"et_pb_icon_list_text\">Nur 400 Meter vom Nationalpark De Meinweg entfernt<\/div><\/li>\n\n<li class=\"et_pb_icon_list_item_2 et_pb_icon_list_item et_pb_module et_flex_module\"><span class=\"et-pb-icon\">\ue0fd<\/span><div class=\"et_pb_icon_list_text\">6 km vom Zentrum von Roermond entfernt<\/div><\/li>\n\n<li class=\"et_pb_icon_list_item_3 et_pb_icon_list_item et_pb_module et_flex_module\"><span class=\"et-pb-icon\">\uf072<\/span><div class=\"et_pb_icon_list_text\">G\u00fcnstig zu den Flugh\u00e4fen Maastricht, Eindhoven, Weeze und D\u00fcsseldorf gelegen<\/div><\/li>\n\n<li class=\"et_pb_icon_list_item_4 et_pb_icon_list_item et_pb_module et_flex_module\"><span class=\"et-pb-icon\">\uf2e7<\/span><div class=\"et_pb_icon_list_text\">Bauernhofterrasse Het Spikkerdal<\/div><\/li>\n<\/ul>\n<\/div>\n\n<div class=\"et_pb_column_5 et_pb_column et-last-child et_flex_column et_pb_css_mix_blend_mode_passthrough et_flex_column_12_24 et_flex_column_12_24_tablet et_flex_column_24_24_phone\">\n<ul class=\"et_pb_icon_list_1 et_pb_icon_list et_pb_module et_flex_module\">\n<li class=\"et_pb_icon_list_item_5 et_pb_icon_list_item et_pb_module et_flex_module\"><span class=\"et-pb-icon\">\uf450<\/span><div class=\"et_pb_icon_list_text\">Der Golfplatz Herkenbosche ist nur 2 km entfernt<\/div><\/li>\n\n<li class=\"et_pb_icon_list_item_6 et_pb_icon_list_item et_pb_module et_flex_module\"><span class=\"et-pb-icon\">\uf1ad<\/span><div class=\"et_pb_icon_list_text\">Entdecken Sie die Stadt Maastricht (50 km)<\/div><\/li>\n\n<li class=\"et_pb_icon_list_item_7 et_pb_icon_list_item et_pb_module et_flex_module\"><span class=\"et-pb-icon\">\uf0a4<\/span><div class=\"et_pb_icon_list_text\">Besuchen Sie den 38 km entfernten Vergn\u00fcgungspark Toverland<\/div><\/li>\n\n<li class=\"et_pb_icon_list_item_8 et_pb_icon_list_item et_pb_module et_flex_module\"><span class=\"et-pb-icon\">\uf447<\/span><div class=\"et_pb_icon_list_text\">Schloss Aerwinkel (10 km)<\/div><\/li>\n\n<li class=\"et_pb_icon_list_item_9 et_pb_icon_list_item et_pb_module et_flex_module\"><span class=\"et-pb-icon\">\uf2e7<\/span><div class=\"et_pb_icon_list_text\">Restaurant De Biekeuke<\/div><\/li>\n<\/ul>\n<\/div>\n<\/div>\n\n<div class=\"et_pb_row_4 et_pb_row et_flex_row\">\n<div class=\"et_pb_column_6 et_pb_column et-last-child et_flex_column et_pb_css_mix_blend_mode_passthrough et_flex_column_24_24 et_flex_column_24_24_tablet et_flex_column_24_24_phone\">\n<div class=\"et_pb_testimonial_1 et_pb_testimonial et_pb_bg_layout_light et_pb_text_align_center et_pb_module et_flex_module\"><div class=\"et_pb_testimonial_inner\"><div class=\"et_pb_testimonial_portrait\" style=\"background-image:url(https:\/\/www.samscottage.nl\/wp-content\/uploads\/2025\/12\/cropped-Logo-nieuw.png)\"><\/div><div class=\"et_pb_testimonial_description et_flex_module\"><div class=\"et_pb_testimonial_description_inner\"><div class=\"et_pb_testimonial_content\"><p>Ein Aufenthalt im Boutique Cottage \u201eSams Cottage\u201c bedeutet puren Genuss der Ruhe, der Natur, aber auch des Luxus des Cottages und der N\u00e4he zum gesch\u00e4ftigen Roermond, seinem Outlet-Center und<br \/>Stra\u00dfen nach Venlo und Maastricht.<\/p>\n<\/div><\/div><div class=\"et_pb_testimonial_meta\"><\/div><\/div><\/div><\/div>\n<\/div>\n<\/div>\n<\/div>","protected":false},"excerpt":{"rendered":"","protected":false},"author":1,"featured_media":0,"parent":0,"menu_order":0,"comment_status":"closed","ping_status":"closed","template":"","meta":{"footnotes":""},"class_list":["post-704","page","type-page","status-publish","hentry"],"_links":{"self":[{"href":"https:\/\/www.samscottage.nl\/index.php\/wp-json\/wp\/v2\/pages\/704","targetHints":{"allow":["GET"]}}],"collection":[{"href":"https:\/\/www.samscottage.nl\/index.php\/wp-json\/wp\/v2\/pages"}],"about":[{"href":"https:\/\/www.samscottage.nl\/index.php\/wp-json\/wp\/v2\/types\/page"}],"author":[{"embeddable":true,"href":"https:\/\/www.samscottage.nl\/index.php\/wp-json\/wp\/v2\/users\/1"}],"replies":[{"embeddable":true,"href":"https:\/\/www.samscottage.nl\/index.php\/wp-json\/wp\/v2\/comments?post=704"}],"version-history":[{"count":18,"href":"https:\/\/www.samscottage.nl\/index.php\/wp-json\/wp\/v2\/pages\/704\/revisions"}],"predecessor-version":[{"id":724,"href":"https:\/\/www.samscottage.nl\/index.php\/wp-json\/wp\/v2\/pages\/704\/revisions\/724"}],"wp:attachment":[{"href":"https:\/\/www.samscottage.nl\/index.php\/wp-json\/wp\/v2\/media?parent=704"}],"curies":[{"name":"wp","href":"https:\/\/api.w.org\/{rel}","templated":true}]}}