{"id":648,"date":"2026-02-06T11:20:35","date_gmt":"2026-02-06T11:20:35","guid":{"rendered":"https:\/\/www.samscottage.nl\/?page_id=648"},"modified":"2026-02-06T13:52:05","modified_gmt":"2026-02-06T13:52:05","slug":"ausstattungen","status":"publish","type":"page","link":"https:\/\/www.samscottage.nl\/index.php\/de\/ausstattungen\/","title":{"rendered":"Ausstattungen"},"content":{"rendered":"<div class=\"et_pb_section_0 et_pb_section et_section_regular et_flex_section\">\n<div class=\"et_pb_row_0 et_pb_row et_flex_row\">\n<div class=\"et_pb_column_0 et_pb_column et-last-child et_flex_column et_pb_css_mix_blend_mode_passthrough et_flex_column_24_24 et_flex_column_24_24_tablet et_flex_column_24_24_phone\">\n<div class=\"et_pb_text_0 et_pb_text et_pb_bg_layout_light et_pb_module et_flex_module\"><div class=\"et_pb_text_inner\" data-et-mv-hidden-phone=\"true\"><p>Ausstattungen * Sams Cottage *<\/p>\n<\/div><\/div>\n<\/div>\n<\/div>\n<\/div>\n\n<div class=\"et_pb_section_1 et_pb_section et_section_regular et_flex_section\">\n<div class=\"et_pb_row_1 et_pb_row et_flex_row\">\n<div class=\"et_pb_column_1 et_pb_column et_flex_column et_pb_css_mix_blend_mode_passthrough et_flex_column_12_24 et_flex_column_12_24_tablet et_flex_column_24_24_phone\">\n<div class=\"et_pb_image_0 et_pb_image et_pb_module et_flex_module\"><span class=\"et_pb_image_wrap\"><img loading=\"lazy\" decoding=\"async\" src=\"https:\/\/www.samscottage.nl\/wp-content\/uploads\/2026\/01\/IMG_0042-scaled.jpg\" title=\"IMG_0042\" width=\"1920\" height=\"2560\" srcset=\"https:\/\/www.samscottage.nl\/wp-content\/uploads\/2026\/01\/IMG_0042-scaled.jpg 1920w, https:\/\/www.samscottage.nl\/wp-content\/uploads\/2026\/01\/IMG_0042-1280x1707.jpg 1280w, https:\/\/www.samscottage.nl\/wp-content\/uploads\/2026\/01\/IMG_0042-980x1307.jpg 980w, https:\/\/www.samscottage.nl\/wp-content\/uploads\/2026\/01\/IMG_0042-480x640.jpg 480w\" sizes=\"(min-width: 0px) and (max-width: 480px) 480px, (min-width: 481px) and (max-width: 980px) 980px, (min-width: 981px) and (max-width: 1280px) 1280px, (min-width: 1281px) 1920px, 100vw\" class=\"wp-image-542\" \/><\/span><\/div>\n<\/div>\n\n<div class=\"et_pb_column_2 et_pb_column et-last-child et_flex_column et_pb_css_mix_blend_mode_passthrough et_flex_column_12_24 et_flex_column_12_24_tablet et_flex_column_24_24_phone\">\n<div class=\"et_pb_image_1 et_pb_image et_pb_module et_flex_module\"><span class=\"et_pb_image_wrap\"><img loading=\"lazy\" decoding=\"async\" src=\"https:\/\/www.samscottage.nl\/wp-content\/uploads\/2026\/01\/27415e9f-d0f6-469b-8b9f-eed07c305c0a.jpg\" title=\"Bloemen\" width=\"1200\" height=\"1600\" srcset=\"https:\/\/www.samscottage.nl\/wp-content\/uploads\/2026\/01\/27415e9f-d0f6-469b-8b9f-eed07c305c0a.jpg 1200w, https:\/\/www.samscottage.nl\/wp-content\/uploads\/2026\/01\/27415e9f-d0f6-469b-8b9f-eed07c305c0a-980x1307.jpg 980w, https:\/\/www.samscottage.nl\/wp-content\/uploads\/2026\/01\/27415e9f-d0f6-469b-8b9f-eed07c305c0a-480x640.jpg 480w\" sizes=\"(min-width: 0px) and (max-width: 480px) 480px, (min-width: 481px) and (max-width: 980px) 980px, (min-width: 981px) 1200px, 100vw\" class=\"wp-image-535\" \/><\/span><\/div>\n<\/div>\n<\/div>\n\n<div class=\"et_pb_row_2 et_pb_row et_flex_row\">\n<div class=\"et_pb_column_3 et_pb_column et-last-child et_flex_column et_pb_css_mix_blend_mode_passthrough et_flex_column_24_24 et_flex_column_24_24_tablet et_flex_column_24_24_phone\">\n<div class=\"et_pb_testimonial_0 et_pb_testimonial et_pb_bg_layout_light et_pb_text_align_center et_pb_module et_flex_module\"><div class=\"et_pb_testimonial_inner\"><div class=\"et_pb_testimonial_portrait\" style=\"background-image:url(https:\/\/www.samscottage.nl\/wp-content\/uploads\/2025\/12\/cropped-Logo-nieuw.png)\"><\/div><div class=\"et_pb_testimonial_description et_flex_module\"><div class=\"et_pb_testimonial_description_inner\"><div class=\"et_pb_testimonial_content\"><p>Leben wie Gott in Frankreich, aber in den Niederlanden!<\/p>\n<\/div><\/div><div class=\"et_pb_testimonial_meta\"><\/div><\/div><\/div><\/div>\n<\/div>\n<\/div>\n\n<div class=\"et_pb_row_3 et_pb_row et_flex_row\">\n<div class=\"et_pb_column_4 et_pb_column et_flex_column et_pb_css_mix_blend_mode_passthrough et_flex_column_12_24 et_flex_column_12_24_tablet et_flex_column_24_24_phone\">\n<ul class=\"et_pb_icon_list_0 et_pb_icon_list et_pb_module et_flex_module\">\n<li class=\"et_pb_icon_list_item_0 et_pb_icon_list_item et_pb_module et_flex_module\"><span class=\"et-pb-icon\">\ue074<\/span><div class=\"et_pb_icon_list_text\">Sie haben die gesamte Unterkunft f\u00fcr sich allein<\/div><\/li>\n\n<li class=\"et_pb_icon_list_item_1 et_pb_icon_list_item et_pb_module et_flex_module\"><span class=\"et-pb-icon\">\ue005<\/span><div class=\"et_pb_icon_list_text\">Voll ausgestattete Luxusk\u00fcche<\/div><\/li>\n\n<li class=\"et_pb_icon_list_item_2 et_pb_icon_list_item et_pb_module et_flex_module\"><span class=\"et-pb-icon\">\uf7b6<\/span><div class=\"et_pb_icon_list_text\">Nespresso Vertuo Kaffeemaschine mit Kaffee<\/div><\/li>\n\n<li class=\"et_pb_icon_list_item_3 et_pb_icon_list_item et_pb_module et_flex_module\"><span class=\"et-pb-icon\">\uf1b8<\/span><div class=\"et_pb_icon_list_text\">Waschmaschine f\u00fcr zus\u00e4tzlichen Komfort<\/div><\/li>\n\n<li class=\"et_pb_icon_list_item_4 et_pb_icon_list_item et_pb_module et_flex_module\"><span class=\"et-pb-icon\">\uf2cc<\/span><div class=\"et_pb_icon_list_text\">Privates Badezimmer mit Dusche<\/div><\/li>\n\n<li class=\"et_pb_icon_list_item_5 et_pb_icon_list_item et_pb_module et_flex_module\"><span class=\"et-pb-icon\">\uf236<\/span><div class=\"et_pb_icon_list_text\">Bettw\u00e4sche und Handt\u00fccher inklusive<\/div><\/li>\n\n<li class=\"et_pb_icon_list_item_6 et_pb_icon_list_item et_pb_module et_flex_module\"><span class=\"et-pb-icon\">\uf0f4<\/span><div class=\"et_pb_icon_list_text\">Fr\u00fchst\u00fcck auf Anfrage m\u00f6glich<\/div><\/li>\n<\/ul>\n<\/div>\n\n<div class=\"et_pb_column_5 et_pb_column et-last-child et_flex_column et_pb_css_mix_blend_mode_passthrough et_flex_column_12_24 et_flex_column_12_24_tablet et_flex_column_24_24_phone\">\n<ul class=\"et_pb_icon_list_1 et_pb_icon_list et_pb_module et_flex_module\">\n<li class=\"et_pb_icon_list_item_7 et_pb_icon_list_item et_pb_module et_flex_module\"><span class=\"et-pb-icon\">\uf26c<\/span><div class=\"et_pb_icon_list_text\">Kostenloses WLAN und Flachbildfernseher<\/div><\/li>\n\n<li class=\"et_pb_icon_list_item_8 et_pb_icon_list_item et_pb_module et_flex_module\"><span class=\"et-pb-icon\">\uf540<\/span><div class=\"et_pb_icon_list_text\">Kostenlose Parkpl\u00e4tze vor Ort<\/div><\/li>\n\n<li class=\"et_pb_icon_list_item_9 et_pb_icon_list_item et_pb_module et_flex_module\"><span class=\"et-pb-icon\">\uf1e6<\/span><div class=\"et_pb_icon_list_text\">Elektrisches Laden ist m\u00f6glich<\/div><\/li>\n\n<li class=\"et_pb_icon_list_item_10 et_pb_icon_list_item et_pb_module et_flex_module\"><span class=\"et-pb-icon\">\uf06e<\/span><div class=\"et_pb_icon_list_text\">Sch\u00f6ne Aussicht<\/div><\/li>\n\n<li class=\"et_pb_icon_list_item_11 et_pb_icon_list_item et_pb_module et_flex_module\"><span class=\"et-pb-icon\">\uf54d<\/span><div class=\"et_pb_icon_list_text\">Nichtraucherzimmer<\/div><\/li>\n\n<li class=\"et_pb_icon_list_item_12 et_pb_icon_list_item et_pb_module et_flex_module\"><span class=\"et-pb-icon\">\uf818<\/span><div class=\"et_pb_icon_list_text\">Pizzaofen und Grill vorhanden<\/div><\/li>\n\n<li class=\"et_pb_icon_list_item_13 et_pb_icon_list_item et_pb_module et_flex_module\"><span class=\"et-pb-icon\">\uf4b8<\/span><div class=\"et_pb_icon_list_text\">Private Terrasse mit Gartenm\u00f6beln<\/div><\/li>\n\n<li class=\"et_pb_icon_list_item_14 et_pb_icon_list_item et_pb_module et_flex_module\"><span class=\"et-pb-icon\">\uf1b0<\/span><div class=\"et_pb_icon_list_text\">Bringen Sie auf Anfrage ein Haustier mit<\/div><\/li>\n<\/ul>\n<\/div>\n<\/div>\n\n<div class=\"et_pb_row_4 et_pb_row et_flex_row\">\n<div class=\"et_pb_column_6 et_pb_column et-last-child et_flex_column et_pb_css_mix_blend_mode_passthrough et_flex_column_24_24 et_flex_column_24_24_tablet et_flex_column_24_24_phone\">\n<div class=\"et_pb_testimonial_1 et_pb_testimonial et_pb_bg_layout_light et_pb_text_align_center et_pb_module et_flex_module\"><div class=\"et_pb_testimonial_inner\"><div class=\"et_pb_testimonial_portrait\" style=\"background-image:url(https:\/\/www.samscottage.nl\/wp-content\/uploads\/2025\/12\/cropped-Logo-nieuw.png)\"><\/div><div class=\"et_pb_testimonial_description et_flex_module\"><div class=\"et_pb_testimonial_description_inner\"><div class=\"et_pb_testimonial_content\"><p>Alles, was Sie brauchen, und noch mehr in einer entspannenden und wohltuenden Umgebung.<\/p>\n<\/div><\/div><div class=\"et_pb_testimonial_meta\"><\/div><\/div><\/div><\/div>\n<\/div>\n<\/div>\n<\/div>","protected":false},"excerpt":{"rendered":"","protected":false},"author":1,"featured_media":0,"parent":0,"menu_order":0,"comment_status":"closed","ping_status":"closed","template":"","meta":{"footnotes":""},"class_list":["post-648","page","type-page","status-publish","hentry"],"_links":{"self":[{"href":"https:\/\/www.samscottage.nl\/index.php\/wp-json\/wp\/v2\/pages\/648","targetHints":{"allow":["GET"]}}],"collection":[{"href":"https:\/\/www.samscottage.nl\/index.php\/wp-json\/wp\/v2\/pages"}],"about":[{"href":"https:\/\/www.samscottage.nl\/index.php\/wp-json\/wp\/v2\/types\/page"}],"author":[{"embeddable":true,"href":"https:\/\/www.samscottage.nl\/index.php\/wp-json\/wp\/v2\/users\/1"}],"replies":[{"embeddable":true,"href":"https:\/\/www.samscottage.nl\/index.php\/wp-json\/wp\/v2\/comments?post=648"}],"version-history":[{"count":23,"href":"https:\/\/www.samscottage.nl\/index.php\/wp-json\/wp\/v2\/pages\/648\/revisions"}],"predecessor-version":[{"id":793,"href":"https:\/\/www.samscottage.nl\/index.php\/wp-json\/wp\/v2\/pages\/648\/revisions\/793"}],"wp:attachment":[{"href":"https:\/\/www.samscottage.nl\/index.php\/wp-json\/wp\/v2\/media?parent=648"}],"curies":[{"name":"wp","href":"https:\/\/api.w.org\/{rel}","templated":true}]}}