{"id":638,"date":"2026-02-06T11:04:34","date_gmt":"2026-02-06T11:04:34","guid":{"rendered":"https:\/\/www.samscottage.nl\/index.php\/home-deutsch\/"},"modified":"2026-02-06T11:53:39","modified_gmt":"2026-02-06T11:53:39","slug":"home-deutsch","status":"publish","type":"page","link":"https:\/\/www.samscottage.nl\/index.php\/de\/home-deutsch\/","title":{"rendered":"Home &#8211; Deutsch"},"content":{"rendered":"<div class=\"et_pb_section_0 et_pb_section et_section_regular et_flex_section\">\n<div class=\"et_pb_row_0 et_pb_row et_flex_row\">\n<div class=\"et_pb_column_0 et_pb_column et-last-child et_flex_column et_pb_css_mix_blend_mode_passthrough et_flex_column_24_24 et_flex_column_24_24_tablet et_flex_column_24_24_phone\">\n<div class=\"et_pb_text_0 et_pb_text et_pb_bg_layout_light et_pb_module et_flex_module\"><div class=\"et_pb_text_inner\"><p>Ferienhaus<span class=\"Y2IQFc\" lang=\"de\">\u00a0<\/span>*Sams Cottage*<\/p>\n<\/div><\/div>\n<\/div>\n<\/div>\n\n<div class=\"et_pb_row_1 et_pb_row et_flex_row\">\n<div class=\"et_pb_column_1 et_pb_column et-last-child et_flex_column et_pb_css_mix_blend_mode_passthrough et_flex_column_24_24 et_flex_column_24_24_tablet et_flex_column_24_24_phone\">\n<div class=\"et_pb_image_0 et_pb_image et_pb_module et_flex_module\"><span class=\"et_pb_image_wrap\"><img loading=\"lazy\" decoding=\"async\" src=\"https:\/\/www.samscottage.nl\/wp-content\/uploads\/2025\/12\/home.jpg\" title=\"625982743\" width=\"1024\" height=\"683\" srcset=\"https:\/\/www.samscottage.nl\/wp-content\/uploads\/2025\/12\/home.jpg 1024w, https:\/\/www.samscottage.nl\/wp-content\/uploads\/2025\/12\/home-980x654.jpg 980w, https:\/\/www.samscottage.nl\/wp-content\/uploads\/2025\/12\/home-480x320.jpg 480w\" sizes=\"(min-width: 0px) and (max-width: 480px) 480px, (min-width: 481px) and (max-width: 980px) 980px, (min-width: 981px) 1024px, 100vw\" class=\"wp-image-79\" \/><\/span><\/div>\n<\/div>\n<\/div>\n\n<div class=\"et_pb_row_2 et_pb_row et_flex_row\">\n<div class=\"et_pb_column_2 et_pb_column et-last-child et_flex_column et_pb_css_mix_blend_mode_passthrough et_flex_column_24_24 et_flex_column_24_24_tablet et_flex_column_24_24_phone\">\n<div class=\"et_pb_testimonial_0 et_pb_testimonial et_pb_bg_layout_light et_pb_text_align_center et_pb_module et_flex_module\"><div class=\"et_pb_testimonial_inner\"><div class=\"et_pb_testimonial_portrait\" style=\"background-image:url(https:\/\/www.samscottage.nl\/wp-content\/uploads\/2025\/12\/cropped-Logo-nieuw.png)\"><\/div><div class=\"et_pb_testimonial_description et_flex_module\"><div class=\"et_pb_testimonial_description_inner\"><div class=\"et_pb_testimonial_content\"><p>Charmantes, attraktives Ferienhaus mit luxuri\u00f6ser und pers\u00f6nlicher Ausstrahlung<\/p>\n<\/div><\/div><div class=\"et_pb_testimonial_meta\"><\/div><\/div><\/div><\/div>\n<\/div>\n<\/div>\n\n<div class=\"et_pb_row_3 et_pb_row et_flex_row\">\n<div class=\"et_pb_column_3 et_pb_column et_flex_column et_pb_css_mix_blend_mode_passthrough et_flex_column_12_24 et_flex_column_12_24_tablet et_flex_column_24_24_phone\">\n<div class=\"et_pb_image_1 et_pb_image et_pb_module et_flex_module\"><span class=\"et_pb_image_wrap\"><img loading=\"lazy\" decoding=\"async\" src=\"https:\/\/www.samscottage.nl\/wp-content\/uploads\/2026\/01\/faciliiteiten.jpg\" title=\"625982743\" width=\"1024\" height=\"683\" srcset=\"https:\/\/www.samscottage.nl\/wp-content\/uploads\/2026\/01\/faciliiteiten.jpg 1024w, https:\/\/www.samscottage.nl\/wp-content\/uploads\/2026\/01\/faciliiteiten-980x654.jpg 980w, https:\/\/www.samscottage.nl\/wp-content\/uploads\/2026\/01\/faciliiteiten-480x320.jpg 480w\" sizes=\"(min-width: 0px) and (max-width: 480px) 480px, (min-width: 481px) and (max-width: 980px) 980px, (min-width: 981px) 1024px, 100vw\" class=\"wp-image-278\" \/><\/span><\/div>\n<\/div>\n\n<div class=\"et_pb_column_4 et_pb_column et-last-child et_flex_column et_pb_css_mix_blend_mode_passthrough et_flex_column_12_24 et_flex_column_12_24_tablet et_flex_column_24_24_phone\">\n<div class=\"et_pb_text_1 et_pb_text et_pb_bg_layout_light et_pb_module et_flex_module\"><div class=\"et_pb_text_inner\"><p>Genie\u00dfen Sie Ruhe und Natur in der N\u00e4he des gesch\u00e4ftigen Zentrums von Roermond.<\/p>\n<p>Willkommen im Sams Cottage, einem attraktiven freistehenden Ferienhaus im charmanten Dorf Asenray, nur 400 Meter vom Nationalpark De Meinweg und 6 km vom Zentrum von Roermond entfernt.<\/p>\n<p>Entfliehen Sie dem Trubel und erleben Sie einen erholsamen Aufenthalt auf dem Hof \u200b\u200beines idyllischen Dorfbauernhofs mit einigen Dressurpferden, umgeben von Natur, Ruhe und Tieren.<\/p>\n<p>\u00a0<\/p>\n<\/div><\/div>\n<\/div>\n<\/div>\n\n<div class=\"et_pb_row_4 et_pb_row et_flex_row\">\n<div class=\"et_pb_column_5 et_pb_column et-last-child et_flex_column et_pb_css_mix_blend_mode_passthrough et_flex_column_24_24 et_flex_column_24_24_tablet et_flex_column_24_24_phone\">\n<div class=\"et_pb_testimonial_1 et_pb_testimonial et_pb_bg_layout_light et_pb_text_align_center et_pb_module et_flex_module\"><div class=\"et_pb_testimonial_inner\"><div class=\"et_pb_testimonial_portrait\" style=\"background-image:url(https:\/\/www.samscottage.nl\/wp-content\/uploads\/2025\/12\/cropped-Logo-nieuw.png)\"><\/div><div class=\"et_pb_testimonial_description et_flex_module\"><div class=\"et_pb_testimonial_description_inner\"><div class=\"et_pb_testimonial_content\"><p>Toller Ausgangspunkt zum Einkaufen im Designer Outlet Roermond<\/p>\n<\/div><\/div><div class=\"et_pb_testimonial_meta\"><\/div><\/div><\/div><\/div>\n<\/div>\n<\/div>\n\n<div class=\"et_pb_row_5 et_pb_row et_flex_row\">\n<div class=\"et_pb_column_6 et_pb_column et_flex_column et_pb_css_mix_blend_mode_passthrough et_flex_column_12_24 et_flex_column_12_24_tablet et_flex_column_24_24_phone\">\n<ul class=\"et_pb_icon_list_0 et_pb_icon_list et_pb_module et_flex_module\">\n<li class=\"et_pb_icon_list_item_0 et_pb_icon_list_item et_pb_module et_flex_module\"><span class=\"et-pb-icon\">\uf26c<\/span><div class=\"et_pb_icon_list_text\">Kostenloses WLAN und Flachbildfernseher<\/div><\/li>\n\n<li class=\"et_pb_icon_list_item_1 et_pb_icon_list_item et_pb_module et_flex_module\"><span class=\"et-pb-icon\">\ue005<\/span><div class=\"et_pb_icon_list_text\">Voll ausgestattete Luxusk\u00fcche<\/div><\/li>\n\n<li class=\"et_pb_icon_list_item_2 et_pb_icon_list_item et_pb_module et_flex_module\"><span class=\"et-pb-icon\">\uf1b8<\/span><div class=\"et_pb_icon_list_text\">Waschmaschine f\u00fcr zus\u00e4tzlichen Komfort<\/div><\/li>\n\n<li class=\"et_pb_icon_list_item_3 et_pb_icon_list_item et_pb_module et_flex_module\"><span class=\"et-pb-icon\">\uf2cc<\/span><div class=\"et_pb_icon_list_text\">Privates Badezimmer mit Dusche<\/div><\/li>\n\n<li class=\"et_pb_icon_list_item_4 et_pb_icon_list_item et_pb_module et_flex_module\"><span class=\"et-pb-icon\">\uf236<\/span><div class=\"et_pb_icon_list_text\">Bettw\u00e4sche und Handt\u00fccher inklusive<\/div><\/li>\n\n<li class=\"et_pb_icon_list_item_5 et_pb_icon_list_item et_pb_module et_flex_module\"><span class=\"et-pb-icon\">\uf0f4<\/span><div class=\"et_pb_icon_list_text\">Verschiedene Fr\u00fchst\u00fccksoptionen<\/div><\/li>\n\n<li class=\"et_pb_icon_list_item_6 et_pb_icon_list_item et_pb_module et_flex_module\"><span class=\"et-pb-icon\">\uf540<\/span><div class=\"et_pb_icon_list_text\">Kostenlose Parkpl\u00e4tze<\/div><\/li>\n\n<li class=\"et_pb_icon_list_item_7 et_pb_icon_list_item et_pb_module et_flex_module\"><span class=\"et-pb-icon\">\uf1e6<\/span><div class=\"et_pb_icon_list_text\">Elektrisches Laden m\u00f6glich<\/div><\/li>\n<\/ul>\n<\/div>\n\n<div class=\"et_pb_column_7 et_pb_column et-last-child et_flex_column et_pb_css_mix_blend_mode_passthrough et_flex_column_12_24 et_flex_column_12_24_tablet et_flex_column_24_24_phone\">\n<div class=\"et_pb_image_2 et_pb_image et_pb_module et_flex_module\"><span class=\"et_pb_image_wrap\"><img loading=\"lazy\" decoding=\"async\" src=\"https:\/\/www.samscottage.nl\/wp-content\/uploads\/2025\/12\/625982743-1.jpg\" title=\"625982743\" width=\"1024\" height=\"577\" srcset=\"https:\/\/www.samscottage.nl\/wp-content\/uploads\/2025\/12\/625982743-1.jpg 1024w, https:\/\/www.samscottage.nl\/wp-content\/uploads\/2025\/12\/625982743-1-980x552.jpg 980w, https:\/\/www.samscottage.nl\/wp-content\/uploads\/2025\/12\/625982743-1-480x270.jpg 480w\" sizes=\"(min-width: 0px) and (max-width: 480px) 480px, (min-width: 481px) and (max-width: 980px) 980px, (min-width: 981px) 1024px, 100vw\" class=\"wp-image-220\" \/><\/span><\/div>\n<\/div>\n<\/div>\n\n<div class=\"et_pb_row_6 et_pb_row et_flex_row\">\n<div class=\"et_pb_column_8 et_pb_column et-last-child et_flex_column et_pb_css_mix_blend_mode_passthrough et_flex_column_24_24 et_flex_column_24_24_tablet et_flex_column_24_24_phone\">\n<div class=\"et_pb_row_7 et_pb_row et_pb_row_nested et_flex_row\">\n<div class=\"et_pb_column_9 et_pb_column et-last-child et_flex_column et_pb_css_mix_blend_mode_passthrough et_flex_column_24_24 et_flex_column_24_24_tablet et_flex_column_24_24_phone\">\n<div class=\"et_pb_testimonial_2 et_pb_testimonial et_pb_bg_layout_light et_pb_text_align_center et_pb_module et_flex_module\"><div class=\"et_pb_testimonial_inner\"><div class=\"et_pb_testimonial_portrait\" style=\"background-image:url(https:\/\/www.samscottage.nl\/wp-content\/uploads\/2025\/12\/cropped-Logo-nieuw.png)\"><\/div><div class=\"et_pb_testimonial_description et_flex_module\"><div class=\"et_pb_testimonial_description_inner\"><div class=\"et_pb_testimonial_content\"><p>Maximale Entspannung in unserem Boutique Cottage<\/p>\n<\/div><\/div><div class=\"et_pb_testimonial_meta\"><\/div><\/div><\/div><\/div>\n<\/div>\n<\/div>\n<\/div>\n<\/div>\n\n<div class=\"et_pb_row_8 et_pb_row et_flex_row\">\n<div class=\"et_pb_column_10 et_pb_column et_flex_column et_pb_css_mix_blend_mode_passthrough et_flex_column_12_24 et_flex_column_12_24_tablet et_flex_column_24_24_phone\">\n<div class=\"et_pb_image_3 et_pb_image et_pb_module et_flex_module\"><span class=\"et_pb_image_wrap\"><img loading=\"lazy\" decoding=\"async\" src=\"https:\/\/www.samscottage.nl\/wp-content\/uploads\/2026\/01\/4d3618f1-6831-4a38-9442-4cd896606417.jpg\" title=\"Bloemen\" width=\"1200\" height=\"1600\" srcset=\"https:\/\/www.samscottage.nl\/wp-content\/uploads\/2026\/01\/4d3618f1-6831-4a38-9442-4cd896606417.jpg 1200w, https:\/\/www.samscottage.nl\/wp-content\/uploads\/2026\/01\/4d3618f1-6831-4a38-9442-4cd896606417-980x1307.jpg 980w, https:\/\/www.samscottage.nl\/wp-content\/uploads\/2026\/01\/4d3618f1-6831-4a38-9442-4cd896606417-480x640.jpg 480w\" sizes=\"(min-width: 0px) and (max-width: 480px) 480px, (min-width: 481px) and (max-width: 980px) 980px, (min-width: 981px) 1200px, 100vw\" class=\"wp-image-531\" \/><\/span><\/div>\n<\/div>\n\n<div class=\"et_pb_column_11 et_pb_column et-last-child et_flex_column et_pb_css_mix_blend_mode_passthrough et_flex_column_12_24 et_flex_column_12_24_tablet et_flex_column_24_24_phone\">\n<div class=\"et_pb_image_4 et_pb_image et_pb_module et_flex_module\"><span class=\"et_pb_image_wrap\"><img loading=\"lazy\" decoding=\"async\" src=\"https:\/\/www.samscottage.nl\/wp-content\/uploads\/2026\/01\/27415e9f-d0f6-469b-8b9f-eed07c305c0a.jpg\" title=\"Bloemen\" width=\"1200\" height=\"1600\" srcset=\"https:\/\/www.samscottage.nl\/wp-content\/uploads\/2026\/01\/27415e9f-d0f6-469b-8b9f-eed07c305c0a.jpg 1200w, https:\/\/www.samscottage.nl\/wp-content\/uploads\/2026\/01\/27415e9f-d0f6-469b-8b9f-eed07c305c0a-980x1307.jpg 980w, https:\/\/www.samscottage.nl\/wp-content\/uploads\/2026\/01\/27415e9f-d0f6-469b-8b9f-eed07c305c0a-480x640.jpg 480w\" sizes=\"(min-width: 0px) and (max-width: 480px) 480px, (min-width: 481px) and (max-width: 980px) 980px, (min-width: 981px) 1200px, 100vw\" class=\"wp-image-535\" \/><\/span><\/div>\n<\/div>\n<\/div>\n<\/div>","protected":false},"excerpt":{"rendered":"","protected":false},"author":1,"featured_media":0,"parent":0,"menu_order":0,"comment_status":"closed","ping_status":"closed","template":"","meta":{"footnotes":""},"class_list":["post-638","page","type-page","status-publish","hentry"],"_links":{"self":[{"href":"https:\/\/www.samscottage.nl\/index.php\/wp-json\/wp\/v2\/pages\/638","targetHints":{"allow":["GET"]}}],"collection":[{"href":"https:\/\/www.samscottage.nl\/index.php\/wp-json\/wp\/v2\/pages"}],"about":[{"href":"https:\/\/www.samscottage.nl\/index.php\/wp-json\/wp\/v2\/types\/page"}],"author":[{"embeddable":true,"href":"https:\/\/www.samscottage.nl\/index.php\/wp-json\/wp\/v2\/users\/1"}],"replies":[{"embeddable":true,"href":"https:\/\/www.samscottage.nl\/index.php\/wp-json\/wp\/v2\/comments?post=638"}],"version-history":[{"count":21,"href":"https:\/\/www.samscottage.nl\/index.php\/wp-json\/wp\/v2\/pages\/638\/revisions"}],"predecessor-version":[{"id":685,"href":"https:\/\/www.samscottage.nl\/index.php\/wp-json\/wp\/v2\/pages\/638\/revisions\/685"}],"wp:attachment":[{"href":"https:\/\/www.samscottage.nl\/index.php\/wp-json\/wp\/v2\/media?parent=638"}],"curies":[{"name":"wp","href":"https:\/\/api.w.org\/{rel}","templated":true}]}}